{"id":4278,"date":"2023-04-20T12:19:45","date_gmt":"2023-04-20T12:19:45","guid":{"rendered":"https:\/\/www.tagesfamilien-aaa.ch\/?page_id=4278"},"modified":"2023-08-07T18:24:54","modified_gmt":"2023-08-07T16:24:54","slug":"faq","status":"publish","type":"page","link":"https:\/\/www.tagesfamilien-aaa.ch\/index.php\/faq\/","title":{"rendered":"FAQ"},"content":{"rendered":"<p><div class=\"fusion-fullwidth fullwidth-box fusion-builder-row-1 hundred-percent-fullwidth non-hundred-percent-height-scrolling\" style=\"--awb-border-radius-top-left:0px;--awb-border-radius-top-right:0px;--awb-border-radius-bottom-right:0px;--awb-border-radius-bottom-left:0px;--awb-padding-top:0px;--awb-padding-right:0px;--awb-padding-bottom:0px;--awb-padding-left:0px;--awb-margin-top:0px;--awb-margin-bottom:-0px;--awb-flex-wrap:wrap;\" ><div class=\"fusion-builder-row fusion-row\"><div class=\"fusion-layout-column fusion_builder_column fusion-builder-column-0 fusion_builder_column_1_1 1_1 fusion-one-full fusion-column-first fusion-column-last\" style=\"--awb-bg-blend:overlay;--awb-bg-size:cover;--awb-margin-top:-60px;\"><div class=\"fusion-column-wrapper fusion-flex-column-wrapper-legacy\">\t\t\t\t\t<div class=\"fusion-slider-container fusion-slider-sc-tfba_faq fusion-slider-57 full-width-slider\" style=\"height:300px; max-width:100%;\" data-id=\"57\" data-full_height=\"\">\n\t\t\t\t\t\t<style type=\"text\/css\">.fusion-slider-57 .flex-direction-nav a {width:63px;height:63px;line-height:63px;font-size:25px;}<\/style>\t\t\t\t\t\t<div class=\"fusion-slider-loading\">Laden...<\/div>\n\t\t\t\t\t\t<div class=\"tfs-slider flexslider main-flex full-width-slider\" data-slider_width=\"100%\" data-slider_height=\"300px\" data-full_screen=\"0\" data-parallax=\"0\" data-nav_arrows=\"1\" data-nav_box_width=\"63px\" data-nav_box_height=\"63px\" data-nav_arrow_size=\"25px\" data-autoplay=\"1\" data-loop=\"1\" data-orderby=\"date\" data-order=\"DESC\" data-animation=\"slide\" data-slideshow_speed=\"4000\" data-animation_speed=\"1000\" data-typo_sensitivity=\"1\" data-typo_factor=\"1.5\" style=\"max-width:100%;\">\n\t\t\t\t\t\t\t<ul class=\"slides\">\n\t\t\t\t\t\t\t\t\t\t\t\t\t\t\t\t\t<li data-mute=\"yes\" data-loop=\"yes\" data-autoplay=\"yes\">\n\t\t\t\t\t\t\t\t\t\t<div class=\"slide-content-container slide-content-center\" style=\"display: none;\">\n\t\t\t\t\t\t\t\t\t\t\t<div class=\"slide-content\" style=\"\">\n\t\t\t\t\t\t\t\t\t\t\t\t\t\t\t\t\t\t\t\t\t\t\t\t\t<div class=\"heading \">\n\t\t\t\t\t\t\t\t\t\t\t\t\t\t<div class=\"fusion-title-sc-wrapper\" style=\"\">\n\t\t\t\t\t\t\t\t\t\t\t\t\t\t\t<div class=\"fusion-title title fusion-title-1 fusion-sep-none fusion-title-center fusion-title-text fusion-title-size-three\" style=\"--awb-text-color:#ffffff;--awb-sep-color:#ffffff;--awb-font-size:60px;\"><h3 class=\"fusion-title-heading title-heading-center fusion-responsive-typography-calculated\" style=\"margin:0;font-size:1em;--fontSize:60;line-height:1.33;\">Ihre Fragen - unsere Antworten<\/h3><\/div>\t\t\t\t\t\t\t\t\t\t\t\t\t\t<\/div>\n\t\t\t\t\t\t\t\t\t\t\t\t\t<\/div>\n\t\t\t\t\t\t\t\t\t\t\t\t\t\t\t\t\t\t\t\t\t\t\t\t\t\t\t\t\t\t\t\t\t\t\t\t\t\t\t\t\t\t\t\t\t\t\t<\/div>\n\t\t\t\t\t\t\t\t\t\t<\/div>\n\t\t\t\t\t\t\t\t\t\t\t\t\t\t\t\t\t\t\t\t\t\t\t\t\t\t\t\t\t\t\t\t\t\t\t\t\t\t\t\t<div class=\"background background-image\" style=\"background-image: url(https:\/\/www.tagesfamilien-aaa.ch\/wp-content\/uploads\/2023\/03\/pexels-yan-krukau-6210331-scaled.jpg);max-width:100%;height:300px;filter: progid:DXImageTransform.Microsoft.AlphaImageLoader(src='https:\/\/www.tagesfamilien-aaa.ch\/wp-content\/uploads\/2023\/03\/pexels-yan-krukau-6210331-scaled.jpg', sizingMethod='scale');\" data-imgwidth=\"2560\">\n\t\t\t\t\t\t\t\t\t\t\t\t\t\t\t\t\t\t\t\t\t\t\t\t\t\t\t\t\t\t\t\t\t\t\t\t\t\t\t\t\t\t\t\t\t\t\t\t\t\t\t\t\t\t\t\t\t\t\t\t\t\t\t\t\t\t<\/div>\n\t\t\t\t\t\t\t\t\t<\/li>\n\t\t\t\t\t\t\t\t\t\t\t\t\t\t\t\t\t\t\t\t\t\t\t<\/ul>\n\t\t\t\t\t\t<\/div>\n\t\t\t\t\t<\/div>\n\t\t\t\t\t\t\t\t<div class=\"fusion-clearfix\"><\/div><\/div><\/div><\/div><\/div><div class=\"fusion-fullwidth fullwidth-box fusion-builder-row-2 fusion-flex-container has-pattern-background has-mask-background nonhundred-percent-fullwidth non-hundred-percent-height-scrolling\" style=\"--awb-border-radius-top-left:0px;--awb-border-radius-top-right:0px;--awb-border-radius-bottom-right:0px;--awb-border-radius-bottom-left:0px;--awb-flex-wrap:wrap;\" ><div class=\"fusion-builder-row fusion-row fusion-flex-align-items-flex-start fusion-flex-content-wrap\" style=\"max-width:1289.6px;margin-left: calc(-4% \/ 2 );margin-right: calc(-4% \/ 2 );\"><div class=\"fusion-layout-column fusion_builder_column fusion-builder-column-1 fusion_builder_column_1_1 1_1 fusion-flex-column\" style=\"--awb-bg-size:cover;--awb-width-large:100%;--awb-margin-top-large:0px;--awb-spacing-right-large:1.92%;--awb-margin-bottom-large:40px;--awb-spacing-left-large:1.92%;--awb-width-medium:100%;--awb-order-medium:0;--awb-spacing-right-medium:1.92%;--awb-spacing-left-medium:1.92%;--awb-width-small:100%;--awb-order-small:0;--awb-spacing-right-small:1.92%;--awb-spacing-left-small:1.92%;\"><div class=\"fusion-column-wrapper fusion-column-has-shadow fusion-flex-justify-content-flex-start fusion-content-layout-column\"><div class=\"fusion-text fusion-text-1\"><h2 style=\"text-align: left\">H\u00e4ufig gestellte Fragen (FAQ)<\/h2>\n<\/div><div class=\"fusion-builder-row fusion-builder-row-inner fusion-row fusion-flex-align-items-flex-start fusion-flex-content-wrap\" style=\"width:104% !important;max-width:104% !important;margin-left: calc(-4% \/ 2 );margin-right: calc(-4% \/ 2 );\"><div class=\"fusion-layout-column fusion_builder_column_inner fusion-builder-nested-column-0 fusion_builder_column_inner_1_1 1_1 fusion-flex-column\" style=\"--awb-bg-size:cover;--awb-width-large:100%;--awb-margin-top-large:0px;--awb-spacing-right-large:1.92%;--awb-margin-bottom-large:40px;--awb-spacing-left-large:1.92%;--awb-width-medium:100%;--awb-order-medium:0;--awb-spacing-right-medium:1.92%;--awb-spacing-left-medium:1.92%;--awb-width-small:100%;--awb-order-small:0;--awb-spacing-right-small:1.92%;--awb-spacing-left-small:1.92%;\"><div class=\"fusion-column-wrapper fusion-column-has-shadow fusion-flex-justify-content-flex-start fusion-content-layout-column\"><div class=\"fusion-text fusion-text-2\"><h3>Abgebende Eltern<\/h3>\n<\/div><div class=\"accordian fusion-accordian\" style=\"--awb-border-size:1px;--awb-icon-size:13px;--awb-content-font-size:16px;--awb-icon-alignment:left;--awb-hover-color:rgba(255,255,255,0.1);--awb-border-color:rgba(84,88,97,0);--awb-background-color:rgba(255,255,255,0.25);--awb-divider-color:#e0dede;--awb-divider-hover-color:#e0dede;--awb-icon-color:#ffffff;--awb-title-color:#6dc7b5;--awb-content-color:#4c5166;--awb-icon-box-color:#545861;--awb-toggle-hover-accent-color:#3ec492;--awb-title-font-family:&quot;Patua One&quot;;--awb-title-font-weight:regular;--awb-title-font-style:normal;--awb-title-font-size:22px;--awb-content-font-family:&quot;Cabin&quot;;--awb-content-font-style:normal;--awb-content-font-weight:400;\"><div class=\"panel-group fusion-toggle-icon-boxed\" id=\"accordion-4023-1\"><div class=\"fusion-panel panel-default panel-239e477a3076503a4 fusion-toggle-no-divider fusion-toggle-boxed-mode\"><div class=\"panel-heading\"><h4 class=\"panel-title toggle\" id=\"toggle_239e477a3076503a4\"><a aria-expanded=\"false\" aria-controls=\"239e477a3076503a4\" role=\"button\" data-toggle=\"collapse\" data-target=\"#239e477a3076503a4\" href=\"#239e477a3076503a4\"><span class=\"fusion-toggle-icon-wrapper\" aria-hidden=\"true\"><i class=\"fa-fusion-box active-icon awb-icon-minus\" aria-hidden=\"true\"><\/i><i class=\"fa-fusion-box inactive-icon awb-icon-plus\" aria-hidden=\"true\"><\/i><\/span><span class=\"fusion-toggle-heading\">Ist die Vereinsmitgliedschaft obligatorisch?<\/span><\/a><\/h4><\/div><div id=\"239e477a3076503a4\" class=\"panel-collapse collapse \" aria-labelledby=\"toggle_239e477a3076503a4\"><div class=\"panel-body toggle-content fusion-clearfix\">\n<div class=\"panel-heading\">\n<div class=\"fusion-toggle-heading\">Mit dem Vertragsabschluss werden Sie automatisch und obligatorisch Vereinsmitglied. Erst als Mitglied k\u00f6nnen Sie die Leistungen und Vorteile unseres Vereins in Anspruch nehmen und Ihre Stimme an der MV geltend machen.<\/div>\n<\/div>\n<\/div><\/div><\/div><div class=\"fusion-panel panel-default panel-da4ea0d27eedb1a72 fusion-toggle-no-divider fusion-toggle-boxed-mode\"><div class=\"panel-heading\"><h4 class=\"panel-title toggle\" id=\"toggle_da4ea0d27eedb1a72\"><a aria-expanded=\"false\" aria-controls=\"da4ea0d27eedb1a72\" role=\"button\" data-toggle=\"collapse\" data-target=\"#da4ea0d27eedb1a72\" href=\"#da4ea0d27eedb1a72\"><span class=\"fusion-toggle-icon-wrapper\" aria-hidden=\"true\"><i class=\"fa-fusion-box active-icon awb-icon-minus\" aria-hidden=\"true\"><\/i><i class=\"fa-fusion-box inactive-icon awb-icon-plus\" aria-hidden=\"true\"><\/i><\/span><span class=\"fusion-toggle-heading\">Wie hoch sind die Vermittlungsgeb\u00fchren?<\/span><\/a><\/h4><\/div><div id=\"da4ea0d27eedb1a72\" class=\"panel-collapse collapse \" aria-labelledby=\"toggle_da4ea0d27eedb1a72\"><div class=\"panel-body toggle-content fusion-clearfix\">\n<div class=\"panel-heading\">\n<div class=\"fusion-toggle-heading\">\n<div class=\"panel-heading\">\n<div class=\"fusion-toggle-heading\">Die Vermittlungsgeb\u00fchr wird im Voraus f\u00e4llig und betr\u00e4gt CHF 150.&#8211;. Es ist jedoch keine Garantie, dass ein Vertrag zu Stande kommt.<\/div>\n<\/div>\n<\/div>\n<\/div>\n<\/div><\/div><\/div><div class=\"fusion-panel panel-default panel-a82464a075fa1461c fusion-toggle-no-divider fusion-toggle-boxed-mode\"><div class=\"panel-heading\"><h4 class=\"panel-title toggle\" id=\"toggle_a82464a075fa1461c\"><a aria-expanded=\"false\" aria-controls=\"a82464a075fa1461c\" role=\"button\" data-toggle=\"collapse\" data-target=\"#a82464a075fa1461c\" href=\"#a82464a075fa1461c\"><span class=\"fusion-toggle-icon-wrapper\" aria-hidden=\"true\"><i class=\"fa-fusion-box active-icon awb-icon-minus\" aria-hidden=\"true\"><\/i><i class=\"fa-fusion-box inactive-icon awb-icon-plus\" aria-hidden=\"true\"><\/i><\/span><span class=\"fusion-toggle-heading\">Gibt es Verg\u00fcnstigungen in meiner Gemeinde?<\/span><\/a><\/h4><\/div><div id=\"a82464a075fa1461c\" class=\"panel-collapse collapse \" aria-labelledby=\"toggle_a82464a075fa1461c\"><div class=\"panel-body toggle-content fusion-clearfix\">\n<div class=\"panel-heading\">\n<div class=\"fusion-toggle-heading\">\n<div class=\"panel-heading\">\n<div class=\"fusion-toggle-heading\">Jede Bezirksgemeinde hat mit dem Verein Tagesfamilien Bezirk Affoltern eine Leistungsvereinbarung unterschrieben. Je nach Gemeinde kommt ein anderes Tarifmodell zur Anwendung. Weiter Details finden Sie <a href=\"https:\/\/tagesfamilien-aaa.ch\/index.php\/angebot\/abgebende#tarifmodell\">hier (Rubrik Tarifmodell)<\/a>.<\/div>\n<\/div>\n<\/div>\n<\/div>\n<\/div><\/div><\/div><div class=\"fusion-panel panel-default panel-1085e7e41997ab6d3 fusion-toggle-no-divider fusion-toggle-boxed-mode\"><div class=\"panel-heading\"><h4 class=\"panel-title toggle\" id=\"toggle_1085e7e41997ab6d3\"><a aria-expanded=\"false\" aria-controls=\"1085e7e41997ab6d3\" role=\"button\" data-toggle=\"collapse\" data-target=\"#1085e7e41997ab6d3\" href=\"#1085e7e41997ab6d3\"><span class=\"fusion-toggle-icon-wrapper\" aria-hidden=\"true\"><i class=\"fa-fusion-box active-icon awb-icon-minus\" aria-hidden=\"true\"><\/i><i class=\"fa-fusion-box inactive-icon awb-icon-plus\" aria-hidden=\"true\"><\/i><\/span><span class=\"fusion-toggle-heading\">Wann ist der beste Zeitpunkt, um sich zu melden?<\/span><\/a><\/h4><\/div><div id=\"1085e7e41997ab6d3\" class=\"panel-collapse collapse \" aria-labelledby=\"toggle_1085e7e41997ab6d3\"><div class=\"panel-body toggle-content fusion-clearfix\">\n<p>Optimalerweise sp\u00e4testens 4 Monate vor Betreuungsbeginn.<\/p>\n<\/div><\/div><\/div><\/div><\/div><div class=\"fusion-text fusion-text-3\"><h3>Betreuungspersonen<\/h3>\n<\/div><div class=\"accordian fusion-accordian\" style=\"--awb-border-size:1px;--awb-icon-size:13px;--awb-content-font-size:16px;--awb-icon-alignment:left;--awb-hover-color:rgba(255,255,255,0.1);--awb-border-color:rgba(84,88,97,0);--awb-background-color:rgba(255,255,255,0.25);--awb-divider-color:#e0dede;--awb-divider-hover-color:#e0dede;--awb-icon-color:#ffffff;--awb-title-color:#6dc7b5;--awb-content-color:#4c5166;--awb-icon-box-color:#545861;--awb-toggle-hover-accent-color:#3ec492;--awb-title-font-family:&quot;Patua One&quot;;--awb-title-font-weight:regular;--awb-title-font-style:normal;--awb-title-font-size:22px;--awb-content-font-family:&quot;Cabin&quot;;--awb-content-font-style:normal;--awb-content-font-weight:400;\"><div class=\"panel-group fusion-toggle-icon-boxed\" id=\"accordion-4023-2\"><div class=\"fusion-panel panel-default panel-9c7a9ae1a8be4897e fusion-toggle-no-divider fusion-toggle-boxed-mode\"><div class=\"panel-heading\"><h4 class=\"panel-title toggle\" id=\"toggle_9c7a9ae1a8be4897e\"><a aria-expanded=\"false\" aria-controls=\"9c7a9ae1a8be4897e\" role=\"button\" data-toggle=\"collapse\" data-target=\"#9c7a9ae1a8be4897e\" href=\"#9c7a9ae1a8be4897e\"><span class=\"fusion-toggle-icon-wrapper\" aria-hidden=\"true\"><i class=\"fa-fusion-box active-icon awb-icon-minus\" aria-hidden=\"true\"><\/i><i class=\"fa-fusion-box inactive-icon awb-icon-plus\" aria-hidden=\"true\"><\/i><\/span><span class=\"fusion-toggle-heading\">Wann erhalte ich den Lohn?<\/span><\/a><\/h4><\/div><div id=\"9c7a9ae1a8be4897e\" class=\"panel-collapse collapse \" aria-labelledby=\"toggle_9c7a9ae1a8be4897e\"><div class=\"panel-body toggle-content fusion-clearfix\">\n<div class=\"panel-heading\">\n<div class=\"fusion-toggle-heading\">Der Lohn der Tageseltern wird bis sp\u00e4testens 20. des Folgemonats verg\u00fctet.<\/div>\n<\/div>\n<\/div><\/div><\/div><div class=\"fusion-panel panel-default panel-742bd6c407a78a357 fusion-toggle-no-divider fusion-toggle-boxed-mode\"><div class=\"panel-heading\"><h4 class=\"panel-title toggle\" id=\"toggle_742bd6c407a78a357\"><a aria-expanded=\"false\" aria-controls=\"742bd6c407a78a357\" role=\"button\" data-toggle=\"collapse\" data-target=\"#742bd6c407a78a357\" href=\"#742bd6c407a78a357\"><span class=\"fusion-toggle-icon-wrapper\" aria-hidden=\"true\"><i class=\"fa-fusion-box active-icon awb-icon-minus\" aria-hidden=\"true\"><\/i><i class=\"fa-fusion-box inactive-icon awb-icon-plus\" aria-hidden=\"true\"><\/i><\/span><span class=\"fusion-toggle-heading\">Gibt es einen Auszug der Betreuungskosten?<\/span><\/a><\/h4><\/div><div id=\"742bd6c407a78a357\" class=\"panel-collapse collapse \" aria-labelledby=\"toggle_742bd6c407a78a357\"><div class=\"panel-body toggle-content fusion-clearfix\">\n<div class=\"panel-heading\">\n<div class=\"fusion-toggle-heading\">\n<div class=\"panel-heading\">\n<div class=\"fusion-toggle-heading\">Ja, dieser wird im 1. Quartal zusammen mit der Rechnung verschickt.<\/div>\n<\/div>\n<div id=\"collapse-1-102\" class=\"panel-collapse collapse in\"><\/div>\n<\/div>\n<\/div>\n<\/div><\/div><\/div><div class=\"fusion-panel panel-default panel-a62b2dad766daae8e fusion-toggle-no-divider fusion-toggle-boxed-mode\"><div class=\"panel-heading\"><h4 class=\"panel-title toggle\" id=\"toggle_a62b2dad766daae8e\"><a aria-expanded=\"false\" aria-controls=\"a62b2dad766daae8e\" role=\"button\" data-toggle=\"collapse\" data-target=\"#a62b2dad766daae8e\" href=\"#a62b2dad766daae8e\"><span class=\"fusion-toggle-icon-wrapper\" aria-hidden=\"true\"><i class=\"fa-fusion-box active-icon awb-icon-minus\" aria-hidden=\"true\"><\/i><i class=\"fa-fusion-box inactive-icon awb-icon-plus\" aria-hidden=\"true\"><\/i><\/span><span class=\"fusion-toggle-heading\">Bis wann muss ich als Tagesmutter das Abrechnungsblatt freigegeben haben?<\/span><\/a><\/h4><\/div><div id=\"a62b2dad766daae8e\" class=\"panel-collapse collapse \" aria-labelledby=\"toggle_a62b2dad766daae8e\"><div class=\"panel-body toggle-content fusion-clearfix\">\n<div class=\"panel-heading\">\n<div class=\"fusion-toggle-heading\">\n<div class=\"panel-heading\">\n<div class=\"fusion-toggle-heading\">Die Arbeitsrapporte sind bis sp\u00e4testens am 3. Arbeitstag im Folgemonat im tagiNet freizugeben.<\/div>\n<\/div>\n<\/div>\n<\/div>\n<\/div><\/div><\/div><div class=\"fusion-panel panel-default panel-18208b3c144ece692 fusion-toggle-no-divider fusion-toggle-boxed-mode\"><div class=\"panel-heading\"><h4 class=\"panel-title toggle\" id=\"toggle_18208b3c144ece692\"><a aria-expanded=\"false\" aria-controls=\"18208b3c144ece692\" role=\"button\" data-toggle=\"collapse\" data-target=\"#18208b3c144ece692\" href=\"#18208b3c144ece692\"><span class=\"fusion-toggle-icon-wrapper\" aria-hidden=\"true\"><i class=\"fa-fusion-box active-icon awb-icon-minus\" aria-hidden=\"true\"><\/i><i class=\"fa-fusion-box inactive-icon awb-icon-plus\" aria-hidden=\"true\"><\/i><\/span><span class=\"fusion-toggle-heading\">Muss ich die Vermittlungsgeb\u00fchr in jedem Fall zahlen?<\/span><\/a><\/h4><\/div><div id=\"18208b3c144ece692\" class=\"panel-collapse collapse \" aria-labelledby=\"toggle_18208b3c144ece692\"><div class=\"panel-body toggle-content fusion-clearfix\">\n<p>Ja, die Vermittlungsgeb\u00fchr f\u00e4llt bei jeder Vermittlung an.<\/p>\n<\/div><\/div><\/div><\/div><\/div><\/div><\/div><\/div><\/div><\/div><div class=\"fusion-layout-column fusion_builder_column fusion-builder-column-2 fusion_builder_column_1_1 1_1 fusion-flex-column fusion-no-small-visibility\" style=\"--awb-padding-top:-40px;--awb-bg-blend:overlay;--awb-bg-size:cover;--awb-width-large:100%;--awb-margin-top-large:0px;--awb-spacing-right-large:1.92%;--awb-margin-bottom-large:40px;--awb-spacing-left-large:1.92%;--awb-width-medium:100%;--awb-spacing-right-medium:1.92%;--awb-spacing-left-medium:1.92%;--awb-width-small:100%;--awb-spacing-right-small:1.92%;--awb-spacing-left-small:1.92%;\"><div class=\"fusion-column-wrapper fusion-flex-justify-content-flex-start fusion-content-layout-column\"><div class=\"fusion-menu-anchor\" id=\"frage\"><\/div><\/div><\/div><\/div><\/div><\/p>\n","protected":false},"excerpt":{"rendered":"","protected":false},"author":40,"featured_media":0,"parent":0,"menu_order":90,"comment_status":"closed","ping_status":"closed","template":"100-width.php","meta":{"footnotes":""},"class_list":["post-4278","page","type-page","status-publish","hentry"],"yoast_head":"<!-- This site is optimized with the Yoast SEO plugin v27.1.1 - https:\/\/yoast.com\/product\/yoast-seo-wordpress\/ -->\n<title>FAQ - Tagesfamilien Bezirk Affoltern<\/title>\n<meta name=\"robots\" content=\"index, follow, max-snippet:-1, max-image-preview:large, max-video-preview:-1\" \/>\n<link rel=\"canonical\" href=\"https:\/\/www.tagesfamilien-aaa.ch\/index.php\/faq\/\" \/>\n<meta property=\"og:locale\" content=\"de_DE\" \/>\n<meta property=\"og:type\" content=\"article\" \/>\n<meta property=\"og:title\" content=\"FAQ - Tagesfamilien Bezirk Affoltern\" \/>\n<meta property=\"og:url\" content=\"https:\/\/www.tagesfamilien-aaa.ch\/index.php\/faq\/\" \/>\n<meta property=\"og:site_name\" content=\"Tagesfamilien Bezirk Affoltern\" \/>\n<meta property=\"article:publisher\" content=\"https:\/\/www.facebook.com\/100000805876953\/posts\/2095824770454365?sfns=mo\" \/>\n<meta property=\"article:modified_time\" content=\"2023-08-07T16:24:54+00:00\" \/>\n<meta name=\"twitter:card\" content=\"summary_large_image\" \/>\n<meta name=\"twitter:label1\" content=\"Gesch\u00e4tzte Lesezeit\" \/>\n\t<meta name=\"twitter:data1\" content=\"5\u00a0Minuten\" \/>\n<script type=\"application\/ld+json\" class=\"yoast-schema-graph\">{\"@context\":\"https:\/\/schema.org\",\"@graph\":[{\"@type\":\"WebPage\",\"@id\":\"https:\/\/www.tagesfamilien-aaa.ch\/index.php\/faq\/\",\"url\":\"https:\/\/www.tagesfamilien-aaa.ch\/index.php\/faq\/\",\"name\":\"FAQ - Tagesfamilien Bezirk Affoltern\",\"isPartOf\":{\"@id\":\"https:\/\/www.tagesfamilien-aaa.ch\/#website\"},\"datePublished\":\"2023-04-20T12:19:45+00:00\",\"dateModified\":\"2023-08-07T16:24:54+00:00\",\"breadcrumb\":{\"@id\":\"https:\/\/www.tagesfamilien-aaa.ch\/index.php\/faq\/#breadcrumb\"},\"inLanguage\":\"de\",\"potentialAction\":[{\"@type\":\"ReadAction\",\"target\":[\"https:\/\/www.tagesfamilien-aaa.ch\/index.php\/faq\/\"]}]},{\"@type\":\"BreadcrumbList\",\"@id\":\"https:\/\/www.tagesfamilien-aaa.ch\/index.php\/faq\/#breadcrumb\",\"itemListElement\":[{\"@type\":\"ListItem\",\"position\":1,\"name\":\"Startseite\",\"item\":\"https:\/\/www.tagesfamilien-aaa.ch\/\"},{\"@type\":\"ListItem\",\"position\":2,\"name\":\"FAQ\"}]},{\"@type\":\"WebSite\",\"@id\":\"https:\/\/www.tagesfamilien-aaa.ch\/#website\",\"url\":\"https:\/\/www.tagesfamilien-aaa.ch\/\",\"name\":\"Tagesfamilien Bezirk Affoltern\",\"description\":\"\",\"publisher\":{\"@id\":\"https:\/\/www.tagesfamilien-aaa.ch\/#organization\"},\"potentialAction\":[{\"@type\":\"SearchAction\",\"target\":{\"@type\":\"EntryPoint\",\"urlTemplate\":\"https:\/\/www.tagesfamilien-aaa.ch\/?s={search_term_string}\"},\"query-input\":{\"@type\":\"PropertyValueSpecification\",\"valueRequired\":true,\"valueName\":\"search_term_string\"}}],\"inLanguage\":\"de\"},{\"@type\":\"Organization\",\"@id\":\"https:\/\/www.tagesfamilien-aaa.ch\/#organization\",\"name\":\"Tagesfamilien Bezirk Affoltern\",\"url\":\"https:\/\/www.tagesfamilien-aaa.ch\/\",\"logo\":{\"@type\":\"ImageObject\",\"inLanguage\":\"de\",\"@id\":\"https:\/\/www.tagesfamilien-aaa.ch\/#\/schema\/logo\/image\/\",\"url\":\"https:\/\/www.tagesfamilien-aaa.ch\/wp-content\/uploads\/2019\/01\/TFBA_Logo.jpg\",\"contentUrl\":\"https:\/\/www.tagesfamilien-aaa.ch\/wp-content\/uploads\/2019\/01\/TFBA_Logo.jpg\",\"width\":630,\"height\":270,\"caption\":\"Tagesfamilien Bezirk Affoltern\"},\"image\":{\"@id\":\"https:\/\/www.tagesfamilien-aaa.ch\/#\/schema\/logo\/image\/\"},\"sameAs\":[\"https:\/\/www.facebook.com\/100000805876953\/posts\/2095824770454365?sfns=mo\"]}]}<\/script>\n<!-- \/ Yoast SEO plugin. -->","yoast_head_json":{"title":"FAQ - Tagesfamilien Bezirk Affoltern","robots":{"index":"index","follow":"follow","max-snippet":"max-snippet:-1","max-image-preview":"max-image-preview:large","max-video-preview":"max-video-preview:-1"},"canonical":"https:\/\/www.tagesfamilien-aaa.ch\/index.php\/faq\/","og_locale":"de_DE","og_type":"article","og_title":"FAQ - Tagesfamilien Bezirk Affoltern","og_url":"https:\/\/www.tagesfamilien-aaa.ch\/index.php\/faq\/","og_site_name":"Tagesfamilien Bezirk Affoltern","article_publisher":"https:\/\/www.facebook.com\/100000805876953\/posts\/2095824770454365?sfns=mo","article_modified_time":"2023-08-07T16:24:54+00:00","twitter_card":"summary_large_image","twitter_misc":{"Gesch\u00e4tzte Lesezeit":"5\u00a0Minuten"},"schema":{"@context":"https:\/\/schema.org","@graph":[{"@type":"WebPage","@id":"https:\/\/www.tagesfamilien-aaa.ch\/index.php\/faq\/","url":"https:\/\/www.tagesfamilien-aaa.ch\/index.php\/faq\/","name":"FAQ - Tagesfamilien Bezirk Affoltern","isPartOf":{"@id":"https:\/\/www.tagesfamilien-aaa.ch\/#website"},"datePublished":"2023-04-20T12:19:45+00:00","dateModified":"2023-08-07T16:24:54+00:00","breadcrumb":{"@id":"https:\/\/www.tagesfamilien-aaa.ch\/index.php\/faq\/#breadcrumb"},"inLanguage":"de","potentialAction":[{"@type":"ReadAction","target":["https:\/\/www.tagesfamilien-aaa.ch\/index.php\/faq\/"]}]},{"@type":"BreadcrumbList","@id":"https:\/\/www.tagesfamilien-aaa.ch\/index.php\/faq\/#breadcrumb","itemListElement":[{"@type":"ListItem","position":1,"name":"Startseite","item":"https:\/\/www.tagesfamilien-aaa.ch\/"},{"@type":"ListItem","position":2,"name":"FAQ"}]},{"@type":"WebSite","@id":"https:\/\/www.tagesfamilien-aaa.ch\/#website","url":"https:\/\/www.tagesfamilien-aaa.ch\/","name":"Tagesfamilien Bezirk Affoltern","description":"","publisher":{"@id":"https:\/\/www.tagesfamilien-aaa.ch\/#organization"},"potentialAction":[{"@type":"SearchAction","target":{"@type":"EntryPoint","urlTemplate":"https:\/\/www.tagesfamilien-aaa.ch\/?s={search_term_string}"},"query-input":{"@type":"PropertyValueSpecification","valueRequired":true,"valueName":"search_term_string"}}],"inLanguage":"de"},{"@type":"Organization","@id":"https:\/\/www.tagesfamilien-aaa.ch\/#organization","name":"Tagesfamilien Bezirk Affoltern","url":"https:\/\/www.tagesfamilien-aaa.ch\/","logo":{"@type":"ImageObject","inLanguage":"de","@id":"https:\/\/www.tagesfamilien-aaa.ch\/#\/schema\/logo\/image\/","url":"https:\/\/www.tagesfamilien-aaa.ch\/wp-content\/uploads\/2019\/01\/TFBA_Logo.jpg","contentUrl":"https:\/\/www.tagesfamilien-aaa.ch\/wp-content\/uploads\/2019\/01\/TFBA_Logo.jpg","width":630,"height":270,"caption":"Tagesfamilien Bezirk Affoltern"},"image":{"@id":"https:\/\/www.tagesfamilien-aaa.ch\/#\/schema\/logo\/image\/"},"sameAs":["https:\/\/www.facebook.com\/100000805876953\/posts\/2095824770454365?sfns=mo"]}]}},"_links":{"self":[{"href":"https:\/\/www.tagesfamilien-aaa.ch\/index.php\/wp-json\/wp\/v2\/pages\/4278","targetHints":{"allow":["GET"]}}],"collection":[{"href":"https:\/\/www.tagesfamilien-aaa.ch\/index.php\/wp-json\/wp\/v2\/pages"}],"about":[{"href":"https:\/\/www.tagesfamilien-aaa.ch\/index.php\/wp-json\/wp\/v2\/types\/page"}],"author":[{"embeddable":true,"href":"https:\/\/www.tagesfamilien-aaa.ch\/index.php\/wp-json\/wp\/v2\/users\/40"}],"replies":[{"embeddable":true,"href":"https:\/\/www.tagesfamilien-aaa.ch\/index.php\/wp-json\/wp\/v2\/comments?post=4278"}],"version-history":[{"count":8,"href":"https:\/\/www.tagesfamilien-aaa.ch\/index.php\/wp-json\/wp\/v2\/pages\/4278\/revisions"}],"predecessor-version":[{"id":4496,"href":"https:\/\/www.tagesfamilien-aaa.ch\/index.php\/wp-json\/wp\/v2\/pages\/4278\/revisions\/4496"}],"wp:attachment":[{"href":"https:\/\/www.tagesfamilien-aaa.ch\/index.php\/wp-json\/wp\/v2\/media?parent=4278"}],"curies":[{"name":"wp","href":"https:\/\/api.w.org\/{rel}","templated":true}]}}